{"id":28486,"date":"2024-09-15T16:42:48","date_gmt":"2024-09-15T14:42:48","guid":{"rendered":"https:\/\/wtol-academy.nl\/?post_type=product&#038;p=28486"},"modified":"2025-11-28T11:48:23","modified_gmt":"2025-11-28T10:48:23","slug":"culinaire-wijnstudie-reis-bordeaux-2025","status":"publish","type":"product","link":"https:\/\/wtol-academy.nl\/en\/producten\/culinaire-wijnstudie-reis-bordeaux-2025\/","title":{"rendered":"Culinaire Wijnstudie-reis Bordeaux 2026"},"content":{"rendered":"<p><strong>Culinaire Wijnstudie-reis Bordeaux 2026<\/strong><br \/>\nHaut Medoc &#8211; Saint-Emilion &#8211; Sauternes &#8211; Graves<\/p>\n<p>Bordeaux is \u2019s werelds beroemdste wijnstreek van kwaliteitswijnen. Als wijnliefhebber kun je hier je hart ophalen want wijn vormt het levensbloed van dit gebied. Bordeaux telt meer Grand Cru\u2019s dan welke streek ook! Legendarische wijnen als Ch\u00e2teau Mouton-Rothschild, Ch\u00e2teau Margaux, Ch\u00e2teau Cheval Blanc en de edelzoete Ch\u00e2teau d\u2019Yquem komen hier vandaan.<\/p>\n","protected":false},"excerpt":{"rendered":"<p><strong>Culinaire Wijnstudie-reis Bordeaux 2026<\/strong><br \/>\nHaut Medoc &#8211; Saint-Emilion &#8211; Sauternes &#8211; Graves<\/p>\n<p>Bordeaux is \u2019s werelds beroemdste wijnstreek van kwaliteitswijnen. Als wijnliefhebber kun je hier je hart ophalen want wijn vormt het levensbloed van dit gebied. Bordeaux telt meer Grand Cru\u2019s dan welke streek ook! Legendarische wijnen als Ch\u00e2teau Mouton-Rothschild, Ch\u00e2teau Margaux, Ch\u00e2teau Cheval Blanc en de edelzoete Ch\u00e2teau d\u2019Yquem komen hier vandaan.<\/p>\n","protected":false},"featured_media":28481,"template":"","meta":[],"product_brand":[],"product_cat":[158],"product_tag":[],"class_list":{"0":"post-28486","1":"product","2":"type-product","3":"status-publish","4":"has-post-thumbnail","6":"product_cat-wijnreis","8":"first","9":"instock","10":"shipping-taxable","11":"purchasable","12":"product-type-simple"},"_links":{"self":[{"href":"https:\/\/wtol-academy.nl\/en\/wp-json\/wp\/v2\/product\/28486","targetHints":{"allow":["GET"]}}],"collection":[{"href":"https:\/\/wtol-academy.nl\/en\/wp-json\/wp\/v2\/product"}],"about":[{"href":"https:\/\/wtol-academy.nl\/en\/wp-json\/wp\/v2\/types\/product"}],"version-history":[{"count":0,"href":"https:\/\/wtol-academy.nl\/en\/wp-json\/wp\/v2\/product\/28486\/revisions"}],"wp:featuredmedia":[{"embeddable":true,"href":"https:\/\/wtol-academy.nl\/en\/wp-json\/wp\/v2\/media\/28481"}],"wp:attachment":[{"href":"https:\/\/wtol-academy.nl\/en\/wp-json\/wp\/v2\/media?parent=28486"}],"wp:term":[{"taxonomy":"product_brand","embeddable":true,"href":"https:\/\/wtol-academy.nl\/en\/wp-json\/wp\/v2\/product_brand?post=28486"},{"taxonomy":"product_cat","embeddable":true,"href":"https:\/\/wtol-academy.nl\/en\/wp-json\/wp\/v2\/product_cat?post=28486"},{"taxonomy":"product_tag","embeddable":true,"href":"https:\/\/wtol-academy.nl\/en\/wp-json\/wp\/v2\/product_tag?post=28486"}],"curies":[{"name":"wp","href":"https:\/\/api.w.org\/{rel}","templated":true}]}}